{"id":13,"date":"2018-08-26T14:00:52","date_gmt":"2018-08-26T13:00:52","guid":{"rendered":"http:\/\/chambresdhotes-aria-mezzana.fr\/?page_id=13"},"modified":"2018-08-27T10:11:40","modified_gmt":"2018-08-27T09:11:40","slug":"cavu","status":"publish","type":"page","link":"https:\/\/chambresdhotes-aria-mezzana.fr\/?page_id=13","title":{"rendered":"U Cavu"},"content":{"rendered":"<figure id=\"attachment_362\" aria-describedby=\"caption-attachment-362\" style=\"width: 3970px\" class=\"wp-caption alignnone\"><img loading=\"lazy\" decoding=\"async\" class=\"wp-image-362 size-full\" title=\"Chambre U Cavu\" src=\"http:\/\/chambresdhotes-aria-mezzana.fr\/wp-content\/uploads\/2014\/10\/P1000433-e1515770943585.jpg\" alt=\"P1000433\" width=\"3970\" height=\"2540\" srcset=\"https:\/\/chambresdhotes-aria-mezzana.fr\/wp-content\/uploads\/2014\/10\/P1000433-e1515770943585.jpg 3970w, https:\/\/chambresdhotes-aria-mezzana.fr\/wp-content\/uploads\/2014\/10\/P1000433-e1515770943585-300x192.jpg 300w, https:\/\/chambresdhotes-aria-mezzana.fr\/wp-content\/uploads\/2014\/10\/P1000433-e1515770943585-1024x655.jpg 1024w, https:\/\/chambresdhotes-aria-mezzana.fr\/wp-content\/uploads\/2014\/10\/P1000433-e1515770943585-768x491.jpg 768w\" sizes=\"auto, (max-width: 3970px) 100vw, 3970px\" \/><figcaption id=\"caption-attachment-362\" class=\"wp-caption-text\">Chambre U Cavu<\/figcaption><\/figure>\n<p style=\"text-align: justify;\"><strong>S<\/strong>ur le th\u00e8me de la rivi\u00e8re, cette chambre de 20 m\u00b2 vous propose un lit de 180 x 200 ou deux lits de 90 x 200. Elle dispose d&rsquo;une t\u00e9l\u00e9vision \u00e9cran plat, un acc\u00e8s internet, de la climatisation, d&rsquo;une salle d&rsquo;eau et de toilettes s\u00e9par\u00e9es.<\/p>\n<figure id=\"attachment_363\" aria-describedby=\"caption-attachment-363\" style=\"width: 4000px\" class=\"wp-caption alignnone\"><img loading=\"lazy\" decoding=\"async\" class=\"wp-image-363 size-full\" title=\"Chambre U Cavu\" src=\"http:\/\/chambresdhotes-aria-mezzana.fr\/wp-content\/uploads\/2014\/10\/P1000435.jpg\" alt=\"P1000435\" width=\"4000\" height=\"3000\" srcset=\"https:\/\/chambresdhotes-aria-mezzana.fr\/wp-content\/uploads\/2014\/10\/P1000435.jpg 4000w, https:\/\/chambresdhotes-aria-mezzana.fr\/wp-content\/uploads\/2014\/10\/P1000435-300x225.jpg 300w, https:\/\/chambresdhotes-aria-mezzana.fr\/wp-content\/uploads\/2014\/10\/P1000435-1024x768.jpg 1024w\" sizes=\"auto, (max-width: 4000px) 100vw, 4000px\" \/><figcaption id=\"caption-attachment-363\" class=\"wp-caption-text\">Chambre U Cavu<\/figcaption><\/figure>\n<p>Elle est expos\u00e9e plein sud avec vue sur la mer et la tour de Pinarellu.<\/p>\n<figure id=\"attachment_366\" aria-describedby=\"caption-attachment-366\" style=\"width: 4000px\" class=\"wp-caption alignnone\"><img loading=\"lazy\" decoding=\"async\" class=\"wp-image-366 size-full\" title=\"Chambre U Cavu\" src=\"http:\/\/chambresdhotes-aria-mezzana.fr\/wp-content\/uploads\/2014\/10\/P1000448.jpg\" alt=\"P1000448\" width=\"4000\" height=\"3000\" srcset=\"https:\/\/chambresdhotes-aria-mezzana.fr\/wp-content\/uploads\/2014\/10\/P1000448.jpg 4000w, https:\/\/chambresdhotes-aria-mezzana.fr\/wp-content\/uploads\/2014\/10\/P1000448-300x225.jpg 300w, https:\/\/chambresdhotes-aria-mezzana.fr\/wp-content\/uploads\/2014\/10\/P1000448-1024x768.jpg 1024w\" sizes=\"auto, (max-width: 4000px) 100vw, 4000px\" \/><figcaption id=\"caption-attachment-366\" class=\"wp-caption-text\">Chambre U Cavu<\/figcaption><\/figure>\n<figure id=\"attachment_364\" aria-describedby=\"caption-attachment-364\" style=\"width: 4000px\" class=\"wp-caption alignnone\"><a href=\"http:\/\/chambresdhotes-aria-mezzana.fr\/wp-content\/uploads\/2014\/10\/P1000443.jpg\"><img loading=\"lazy\" decoding=\"async\" class=\"wp-image-364 size-full\" title=\"Salle d'eau U Cavu\" src=\"http:\/\/chambresdhotes-aria-mezzana.fr\/wp-content\/uploads\/2014\/10\/P1000443.jpg\" alt=\"P1000443\" width=\"4000\" height=\"3000\" srcset=\"https:\/\/chambresdhotes-aria-mezzana.fr\/wp-content\/uploads\/2014\/10\/P1000443.jpg 4000w, https:\/\/chambresdhotes-aria-mezzana.fr\/wp-content\/uploads\/2014\/10\/P1000443-300x225.jpg 300w, https:\/\/chambresdhotes-aria-mezzana.fr\/wp-content\/uploads\/2014\/10\/P1000443-1024x768.jpg 1024w\" sizes=\"auto, (max-width: 4000px) 100vw, 4000px\" \/><\/a><figcaption id=\"caption-attachment-364\" class=\"wp-caption-text\">Salle d&rsquo;eau U Cavu<\/figcaption><\/figure>\n<figure id=\"attachment_365\" aria-describedby=\"caption-attachment-365\" style=\"width: 4000px\" class=\"wp-caption alignnone\"><a href=\"http:\/\/chambresdhotes-aria-mezzana.fr\/wp-content\/uploads\/2014\/10\/P1000444.jpg\"><img loading=\"lazy\" decoding=\"async\" class=\"wp-image-365 size-full\" title=\"Vasque U Cavu\" src=\"http:\/\/chambresdhotes-aria-mezzana.fr\/wp-content\/uploads\/2014\/10\/P1000444.jpg\" alt=\"P1000444\" width=\"4000\" height=\"3000\" srcset=\"https:\/\/chambresdhotes-aria-mezzana.fr\/wp-content\/uploads\/2014\/10\/P1000444.jpg 4000w, https:\/\/chambresdhotes-aria-mezzana.fr\/wp-content\/uploads\/2014\/10\/P1000444-300x225.jpg 300w, https:\/\/chambresdhotes-aria-mezzana.fr\/wp-content\/uploads\/2014\/10\/P1000444-1024x768.jpg 1024w\" sizes=\"auto, (max-width: 4000px) 100vw, 4000px\" \/><\/a><figcaption id=\"caption-attachment-365\" class=\"wp-caption-text\">Vasque de la salle d&rsquo;eau U Cavu<\/figcaption><\/figure>\n","protected":false},"excerpt":{"rendered":"<p>Sur le th\u00e8me de la rivi\u00e8re, cette chambre de 20 m\u00b2 vous propose un lit de 180 x 200 ou deux lits de 90 x 200. Elle dispose d&rsquo;une t\u00e9l\u00e9vision \u00e9cran plat, un acc\u00e8s internet, de la climatisation, d&rsquo;une salle d&rsquo;eau et de toilettes s\u00e9par\u00e9es. Elle est expos\u00e9e plein sud avec vue sur la mer &hellip; <a href=\"https:\/\/chambresdhotes-aria-mezzana.fr\/?page_id=13\" class=\"more-link\">Continuer la lecture de <span class=\"screen-reader-text\">U Cavu<\/span>  <span class=\"meta-nav\">&rarr;<\/span><\/a><\/p>\n","protected":false},"author":1,"featured_media":0,"parent":0,"menu_order":0,"comment_status":"closed","ping_status":"closed","template":"","meta":{"_exactmetrics_skip_tracking":false,"_exactmetrics_sitenote_active":false,"_exactmetrics_sitenote_note":"","_exactmetrics_sitenote_category":0,"footnotes":""},"class_list":["post-13","page","type-page","status-publish","hentry"],"aioseo_notices":[],"_links":{"self":[{"href":"https:\/\/chambresdhotes-aria-mezzana.fr\/index.php?rest_route=\/wp\/v2\/pages\/13","targetHints":{"allow":["GET"]}}],"collection":[{"href":"https:\/\/chambresdhotes-aria-mezzana.fr\/index.php?rest_route=\/wp\/v2\/pages"}],"about":[{"href":"https:\/\/chambresdhotes-aria-mezzana.fr\/index.php?rest_route=\/wp\/v2\/types\/page"}],"author":[{"embeddable":true,"href":"https:\/\/chambresdhotes-aria-mezzana.fr\/index.php?rest_route=\/wp\/v2\/users\/1"}],"replies":[{"embeddable":true,"href":"https:\/\/chambresdhotes-aria-mezzana.fr\/index.php?rest_route=%2Fwp%2Fv2%2Fcomments&post=13"}],"version-history":[{"count":10,"href":"https:\/\/chambresdhotes-aria-mezzana.fr\/index.php?rest_route=\/wp\/v2\/pages\/13\/revisions"}],"predecessor-version":[{"id":624,"href":"https:\/\/chambresdhotes-aria-mezzana.fr\/index.php?rest_route=\/wp\/v2\/pages\/13\/revisions\/624"}],"wp:attachment":[{"href":"https:\/\/chambresdhotes-aria-mezzana.fr\/index.php?rest_route=%2Fwp%2Fv2%2Fmedia&parent=13"}],"curies":[{"name":"wp","href":"https:\/\/api.w.org\/{rel}","templated":true}]}}