{"id":17,"date":"2018-08-26T11:01:17","date_gmt":"2018-08-26T10:01:17","guid":{"rendered":"http:\/\/chambresdhotes-aria-mezzana.fr\/?page_id=17"},"modified":"2018-08-27T10:07:47","modified_gmt":"2018-08-27T09:07:47","slug":"fautea","status":"publish","type":"page","link":"https:\/\/chambresdhotes-aria-mezzana.fr\/?page_id=17","title":{"rendered":"Fautea"},"content":{"rendered":"<figure id=\"attachment_359\" aria-describedby=\"caption-attachment-359\" style=\"width: 3550px\" class=\"wp-caption alignnone\"><a href=\"http:\/\/chambresdhotes-aria-mezzana.fr\/wp-content\/uploads\/2017\/02\/P1000360-e1486649158649.jpg\"><img loading=\"lazy\" decoding=\"async\" class=\"wp-image-359 size-full\" title=\"Chambre Fautea\" src=\"http:\/\/chambresdhotes-aria-mezzana.fr\/wp-content\/uploads\/2017\/02\/P1000360-e1486649158649.jpg\" alt=\"\" width=\"3550\" height=\"2160\" srcset=\"https:\/\/chambresdhotes-aria-mezzana.fr\/wp-content\/uploads\/2017\/02\/P1000360-e1486649158649.jpg 3550w, https:\/\/chambresdhotes-aria-mezzana.fr\/wp-content\/uploads\/2017\/02\/P1000360-e1486649158649-300x182.jpg 300w, https:\/\/chambresdhotes-aria-mezzana.fr\/wp-content\/uploads\/2017\/02\/P1000360-e1486649158649-1024x623.jpg 1024w\" sizes=\"auto, (max-width: 3550px) 100vw, 3550px\" \/><\/a><figcaption id=\"caption-attachment-359\" class=\"wp-caption-text\">Chambre Fautea<\/figcaption><\/figure>\n<p style=\"text-align: justify;\"><strong>S<\/strong>ur le th\u00e8me de la mer, cette chambre de 20 m\u00b2 vous propose un lit de 180 x 200 ou deux lits de 90 x 200, avec une t\u00e9l\u00e9vision \u00e9cran plat,\u00a0un acc\u00e8s internet,\u00a0une climatisation, une salle d&rsquo;eau et des toilettes s\u00e9par\u00e9es. Elle peut accueillir un lit d&rsquo;appoint pour une personne suppl\u00e9mentaire.<\/p>\n<figure id=\"attachment_360\" aria-describedby=\"caption-attachment-360\" style=\"width: 4000px\" class=\"wp-caption alignnone\"><img loading=\"lazy\" decoding=\"async\" class=\"wp-image-360 size-full\" title=\"Chambre Fautea\" src=\"http:\/\/chambresdhotes-aria-mezzana.fr\/wp-content\/uploads\/2017\/02\/P1000363.jpg\" alt=\"P1000363\" width=\"4000\" height=\"3000\" srcset=\"https:\/\/chambresdhotes-aria-mezzana.fr\/wp-content\/uploads\/2017\/02\/P1000363.jpg 4000w, https:\/\/chambresdhotes-aria-mezzana.fr\/wp-content\/uploads\/2017\/02\/P1000363-300x225.jpg 300w, https:\/\/chambresdhotes-aria-mezzana.fr\/wp-content\/uploads\/2017\/02\/P1000363-1024x768.jpg 1024w\" sizes=\"auto, (max-width: 4000px) 100vw, 4000px\" \/><figcaption id=\"caption-attachment-360\" class=\"wp-caption-text\">Chambre Fautea<\/figcaption><\/figure>\n<p style=\"text-align: justify;\">Elle est communicante\u00a0avec la chambre Punta du l&rsquo;Ortu afin de proposer\u00a0une suite familiale.<\/p>\n<p style=\"text-align: justify;\">Elle est expos\u00e9e plein sud avec vue sur la mer et la tour de Pinarellu.<\/p>\n<figure id=\"attachment_88\" aria-describedby=\"caption-attachment-88\" style=\"width: 3648px\" class=\"wp-caption alignnone\"><a href=\"http:\/\/chambresdhotes-aria-mezzana.fr\/wp-content\/uploads\/2014\/10\/2014-12-06-021.jpg\"><img loading=\"lazy\" decoding=\"async\" class=\"wp-image-88 size-full\" title=\"Chambre Fautea\" src=\"http:\/\/chambresdhotes-aria-mezzana.fr\/wp-content\/uploads\/2014\/10\/2014-12-06-021.jpg\" alt=\"2014-12-06 021\" width=\"3648\" height=\"2736\" srcset=\"https:\/\/chambresdhotes-aria-mezzana.fr\/wp-content\/uploads\/2014\/10\/2014-12-06-021.jpg 3648w, https:\/\/chambresdhotes-aria-mezzana.fr\/wp-content\/uploads\/2014\/10\/2014-12-06-021-300x225.jpg 300w, https:\/\/chambresdhotes-aria-mezzana.fr\/wp-content\/uploads\/2014\/10\/2014-12-06-021-1024x768.jpg 1024w\" sizes=\"auto, (max-width: 3648px) 100vw, 3648px\" \/><\/a><figcaption id=\"caption-attachment-88\" class=\"wp-caption-text\">Chambre Fautea<\/figcaption><\/figure>\n<figure id=\"attachment_86\" aria-describedby=\"caption-attachment-86\" style=\"width: 3648px\" class=\"wp-caption alignnone\"><a href=\"http:\/\/chambresdhotes-aria-mezzana.fr\/wp-content\/uploads\/2014\/10\/2014-12-06-012.jpg\"><img loading=\"lazy\" decoding=\"async\" class=\"wp-image-86 size-full\" title=\"Chambre Fautea\" src=\"http:\/\/chambresdhotes-aria-mezzana.fr\/wp-content\/uploads\/2014\/10\/2014-12-06-012.jpg\" alt=\"2014-12-06 012\" width=\"3648\" height=\"2736\" srcset=\"https:\/\/chambresdhotes-aria-mezzana.fr\/wp-content\/uploads\/2014\/10\/2014-12-06-012.jpg 3648w, https:\/\/chambresdhotes-aria-mezzana.fr\/wp-content\/uploads\/2014\/10\/2014-12-06-012-300x225.jpg 300w, https:\/\/chambresdhotes-aria-mezzana.fr\/wp-content\/uploads\/2014\/10\/2014-12-06-012-1024x768.jpg 1024w\" sizes=\"auto, (max-width: 3648px) 100vw, 3648px\" \/><\/a><figcaption id=\"caption-attachment-86\" class=\"wp-caption-text\">Chambre Fautea<\/figcaption><\/figure>\n<figure id=\"attachment_180\" aria-describedby=\"caption-attachment-180\" style=\"width: 3648px\" class=\"wp-caption alignnone\"><a href=\"http:\/\/chambresdhotes-aria-mezzana.fr\/wp-content\/uploads\/2014\/10\/2015-03-19-009.jpg\"><img loading=\"lazy\" decoding=\"async\" class=\"wp-image-180 size-full\" title=\"Chambre Fautea\" src=\"http:\/\/chambresdhotes-aria-mezzana.fr\/wp-content\/uploads\/2014\/10\/2015-03-19-009.jpg\" alt=\"2015-03-19 009\" width=\"3648\" height=\"2736\" srcset=\"https:\/\/chambresdhotes-aria-mezzana.fr\/wp-content\/uploads\/2014\/10\/2015-03-19-009.jpg 3648w, https:\/\/chambresdhotes-aria-mezzana.fr\/wp-content\/uploads\/2014\/10\/2015-03-19-009-300x225.jpg 300w, https:\/\/chambresdhotes-aria-mezzana.fr\/wp-content\/uploads\/2014\/10\/2015-03-19-009-1024x768.jpg 1024w\" sizes=\"auto, (max-width: 3648px) 100vw, 3648px\" \/><\/a><figcaption id=\"caption-attachment-180\" class=\"wp-caption-text\">Salle d&rsquo;eau Fautea<\/figcaption><\/figure>\n","protected":false},"excerpt":{"rendered":"<p>Sur le th\u00e8me de la mer, cette chambre de 20 m\u00b2 vous propose un lit de 180 x 200 ou deux lits de 90 x 200, avec une t\u00e9l\u00e9vision \u00e9cran plat,\u00a0un acc\u00e8s internet,\u00a0une climatisation, une salle d&rsquo;eau et des toilettes s\u00e9par\u00e9es. Elle peut accueillir un lit d&rsquo;appoint pour une personne suppl\u00e9mentaire. Elle est communicante\u00a0avec la &hellip; <a href=\"https:\/\/chambresdhotes-aria-mezzana.fr\/?page_id=17\" class=\"more-link\">Continuer la lecture de <span class=\"screen-reader-text\">Fautea<\/span>  <span class=\"meta-nav\">&rarr;<\/span><\/a><\/p>\n","protected":false},"author":1,"featured_media":0,"parent":0,"menu_order":0,"comment_status":"closed","ping_status":"closed","template":"","meta":{"_exactmetrics_skip_tracking":false,"_exactmetrics_sitenote_active":false,"_exactmetrics_sitenote_note":"","_exactmetrics_sitenote_category":0,"footnotes":""},"class_list":["post-17","page","type-page","status-publish","hentry"],"aioseo_notices":[],"_links":{"self":[{"href":"https:\/\/chambresdhotes-aria-mezzana.fr\/index.php?rest_route=\/wp\/v2\/pages\/17","targetHints":{"allow":["GET"]}}],"collection":[{"href":"https:\/\/chambresdhotes-aria-mezzana.fr\/index.php?rest_route=\/wp\/v2\/pages"}],"about":[{"href":"https:\/\/chambresdhotes-aria-mezzana.fr\/index.php?rest_route=\/wp\/v2\/types\/page"}],"author":[{"embeddable":true,"href":"https:\/\/chambresdhotes-aria-mezzana.fr\/index.php?rest_route=\/wp\/v2\/users\/1"}],"replies":[{"embeddable":true,"href":"https:\/\/chambresdhotes-aria-mezzana.fr\/index.php?rest_route=%2Fwp%2Fv2%2Fcomments&post=17"}],"version-history":[{"count":19,"href":"https:\/\/chambresdhotes-aria-mezzana.fr\/index.php?rest_route=\/wp\/v2\/pages\/17\/revisions"}],"predecessor-version":[{"id":623,"href":"https:\/\/chambresdhotes-aria-mezzana.fr\/index.php?rest_route=\/wp\/v2\/pages\/17\/revisions\/623"}],"wp:attachment":[{"href":"https:\/\/chambresdhotes-aria-mezzana.fr\/index.php?rest_route=%2Fwp%2Fv2%2Fmedia&parent=17"}],"curies":[{"name":"wp","href":"https:\/\/api.w.org\/{rel}","templated":true}]}}