{"id":187,"date":"2018-08-26T13:09:20","date_gmt":"2018-08-26T12:09:20","guid":{"rendered":"http:\/\/chambresdhotes-aria-mezzana.fr\/?page_id=187"},"modified":"2018-08-27T10:12:01","modified_gmt":"2018-08-27T09:12:01","slug":"activites","status":"publish","type":"page","link":"https:\/\/chambresdhotes-aria-mezzana.fr\/?page_id=187","title":{"rendered":"ACTIVITES \/ Activity"},"content":{"rendered":"<p style=\"text-align: justify; line-height: 18.0pt; margin: 0cm 0cm 18.0pt 0cm;\"><span style=\"font-family: 'Arial','sans-serif'; color: #2b2b2b;\"><strong>P<\/strong>our la randonn\u00e9e vous disposez soit du\u00a0GR20 \u00e0 partir de Conca, soit de sentiers plus ais\u00e9s \u00e0 6 km (1<\/span><sup style=\"bottom: 1ex;\"><span style=\"font-size: 9.0pt; font-family: 'Arial','sans-serif'; color: #2b2b2b;\">er<\/span><\/sup><span class=\"apple-converted-space\"><span style=\"font-family: 'Arial','sans-serif'; color: #2b2b2b;\">\u00a0<\/span><\/span><span style=\"font-family: 'Arial','sans-serif'; color: #2b2b2b;\">sentier balis\u00e9 sans difficult\u00e9 majeure \u00ab\u00a0I scarpi\u00a0\u00bb \u00e0\u00a0Tagliu Rossu) et tous ceux de l\u2019Alta Rocca.\u00a0Egalement le site d\u2019Araghju \u00e0\u00a0environ 15 km permet de d\u00e9couvrir un site pr\u00e9historique remarquable\u00a0: un casteddu torr\u00e9en datant de l\u2019\u00e2ge du bronze.<\/span><\/p>\n<p style=\"text-align: justify; line-height: 18.0pt; orphans: auto; widows: 1; -webkit-text-stroke-width: 0px; word-spacing: 0px; margin: 0cm 0cm 18.0pt 0cm;\"><span style=\"font-family: 'Arial','sans-serif'; color: #2b2b2b;\">Pour l&rsquo;escalade, vous pouvez tenter\u00a0la Punta di Calcina (50 voies ouvertes, en moyenne dans un niveau 6a).<\/span><\/p>\n<p style=\"text-align: justify; line-height: 18.0pt; orphans: auto; widows: 1; -webkit-text-stroke-width: 0px; word-spacing: 0px; margin: 0cm 0cm 18.0pt 0cm;\"><span style=\"font-family: 'Arial','sans-serif'; color: #2b2b2b;\">Pour des sorties en bateau ainsi que pour les sports de glisse, la station baln\u00e9aire de Pinarello \u00e0\u00a06.5 km est le point de d\u00e9part id\u00e9al ainsi que le site des Fauvettes ou de Benedettu.<\/span><\/p>\n<p style=\"text-align: justify; line-height: 18.0pt; orphans: auto; widows: 1; -webkit-text-stroke-width: 0px; word-spacing: 0px; margin: 0cm 0cm 18.0pt 0cm;\"><span style=\"font-family: 'Arial','sans-serif'; color: #2b2b2b;\">Pour des baignades rafraichissantes, les rivi\u00e8res U Cavu et de l\u2019Ozo sont \u00e0 proximit\u00e9.<\/span><\/p>\n<p style=\"text-align: justify; line-height: 18.0pt; orphans: auto; widows: 1; -webkit-text-stroke-width: 0px; word-spacing: 0px; margin: 0cm 0cm 18.0pt 0cm;\"><span style=\"font-family: 'Arial','sans-serif'; color: #2b2b2b;\">Le Parc Aventure de Tyroliana sur les bords du Cavu est adapt\u00e9 pour les enfants \u00e0 partir de 3 ans.<\/span><\/p>\n<p style=\"text-align: justify; line-height: 18.0pt; orphans: auto; widows: 1; -webkit-text-stroke-width: 0px; word-spacing: 0px; margin: 0cm 0cm 18.0pt 0cm;\"><span style=\"font-family: 'Arial','sans-serif'; color: #2b2b2b;\">En ce qui concerne la plong\u00e9e masque et tuba vous pourrez vous rendre sur les plages alentours, les clubs de plong\u00e9e sous-marine sont proches \u00e9galement.<\/span><\/p>\n<p style=\"text-align: justify; line-height: 18.0pt; orphans: auto; widows: 1; -webkit-text-stroke-width: 0px; word-spacing: 0px; margin: 0cm 0cm 18.0pt 0cm;\"><span style=\"font-family: 'Arial','sans-serif'; color: #2b2b2b;\">Il est possible de pratiquer du quad et il y a deux centres \u00e9questres entres Sainte Lucie et Porto-Vecchio.<\/span><\/p>\n","protected":false},"excerpt":{"rendered":"<p>Pour la randonn\u00e9e vous disposez soit du\u00a0GR20 \u00e0 partir de Conca, soit de sentiers plus ais\u00e9s \u00e0 6 km (1er\u00a0sentier balis\u00e9 sans difficult\u00e9 majeure \u00ab\u00a0I scarpi\u00a0\u00bb \u00e0\u00a0Tagliu Rossu) et tous ceux de l\u2019Alta Rocca.\u00a0Egalement le site d\u2019Araghju \u00e0\u00a0environ 15 km permet de d\u00e9couvrir un site pr\u00e9historique remarquable\u00a0: un casteddu torr\u00e9en datant de l\u2019\u00e2ge du bronze. &hellip; <a href=\"https:\/\/chambresdhotes-aria-mezzana.fr\/?page_id=187\" class=\"more-link\">Continuer la lecture de <span class=\"screen-reader-text\">ACTIVITES \/ Activity<\/span>  <span class=\"meta-nav\">&rarr;<\/span><\/a><\/p>\n","protected":false},"author":2,"featured_media":0,"parent":0,"menu_order":5,"comment_status":"closed","ping_status":"closed","template":"","meta":{"_exactmetrics_skip_tracking":false,"_exactmetrics_sitenote_active":false,"_exactmetrics_sitenote_note":"","_exactmetrics_sitenote_category":0,"footnotes":""},"class_list":["post-187","page","type-page","status-publish","hentry"],"aioseo_notices":[],"_links":{"self":[{"href":"https:\/\/chambresdhotes-aria-mezzana.fr\/index.php?rest_route=\/wp\/v2\/pages\/187","targetHints":{"allow":["GET"]}}],"collection":[{"href":"https:\/\/chambresdhotes-aria-mezzana.fr\/index.php?rest_route=\/wp\/v2\/pages"}],"about":[{"href":"https:\/\/chambresdhotes-aria-mezzana.fr\/index.php?rest_route=\/wp\/v2\/types\/page"}],"author":[{"embeddable":true,"href":"https:\/\/chambresdhotes-aria-mezzana.fr\/index.php?rest_route=\/wp\/v2\/users\/2"}],"replies":[{"embeddable":true,"href":"https:\/\/chambresdhotes-aria-mezzana.fr\/index.php?rest_route=%2Fwp%2Fv2%2Fcomments&post=187"}],"version-history":[{"count":8,"href":"https:\/\/chambresdhotes-aria-mezzana.fr\/index.php?rest_route=\/wp\/v2\/pages\/187\/revisions"}],"predecessor-version":[{"id":629,"href":"https:\/\/chambresdhotes-aria-mezzana.fr\/index.php?rest_route=\/wp\/v2\/pages\/187\/revisions\/629"}],"wp:attachment":[{"href":"https:\/\/chambresdhotes-aria-mezzana.fr\/index.php?rest_route=%2Fwp%2Fv2%2Fmedia&parent=187"}],"curies":[{"name":"wp","href":"https:\/\/api.w.org\/{rel}","templated":true}]}}