{"id":29,"date":"2018-08-26T12:02:27","date_gmt":"2018-08-26T11:02:27","guid":{"rendered":"http:\/\/chambresdhotes-aria-mezzana.fr\/?page_id=29"},"modified":"2018-08-27T10:05:07","modified_gmt":"2018-08-27T09:05:07","slug":"les-chambres","status":"publish","type":"page","link":"https:\/\/chambresdhotes-aria-mezzana.fr\/?page_id=29","title":{"rendered":"CHAMBRES \/ ROOMS"},"content":{"rendered":"<figure id=\"attachment_359\" aria-describedby=\"caption-attachment-359\" style=\"width: 3550px\" class=\"wp-caption alignnone\"><a href=\"http:\/\/chambresdhotes-aria-mezzana.fr\/wp-content\/uploads\/2017\/02\/P1000360-e1486649158649.jpg\"><img loading=\"lazy\" decoding=\"async\" class=\"wp-image-359 size-full\" title=\"Chambre Fautea\" src=\"http:\/\/chambresdhotes-aria-mezzana.fr\/wp-content\/uploads\/2017\/02\/P1000360-e1486649158649.jpg\" alt=\"\" width=\"3550\" height=\"2160\" srcset=\"https:\/\/chambresdhotes-aria-mezzana.fr\/wp-content\/uploads\/2017\/02\/P1000360-e1486649158649.jpg 3550w, https:\/\/chambresdhotes-aria-mezzana.fr\/wp-content\/uploads\/2017\/02\/P1000360-e1486649158649-300x182.jpg 300w, https:\/\/chambresdhotes-aria-mezzana.fr\/wp-content\/uploads\/2017\/02\/P1000360-e1486649158649-1024x623.jpg 1024w\" sizes=\"auto, (max-width: 3550px) 100vw, 3550px\" \/><\/a><figcaption id=\"caption-attachment-359\" class=\"wp-caption-text\">Chambre Fautea<\/figcaption><\/figure>\n<p style=\"text-align: justify;\"><span style=\"color: #2b2b2b; font-size: 16px;\"><strong>L<\/strong>es chambres sont r\u00e9alis\u00e9es dans un souci de confort et de praticit\u00e9. R\u00e9centes et spacieuses, avec des tons pastels et une d\u00e9coration \u00e9pur\u00e9e, elles vous permettent de vous d\u00e9tendre pour profiter pleinement de votre s\u00e9jour.<\/span><\/p>\n<p style=\"text-align: justify;\">Tandis qu\u2019au premier \u00e9tage vous pouvez admirer la vue mer et sur la tour de Pinarello, au rez-de-chauss\u00e9e c\u2019est une vue sur la piscine et le jardin qui domine.<\/p>\n<p style=\"text-align: justify;\">Les chambres peuvent toutes accueillir jusqu\u2019\u00e0 3 personnes avec un lit d\u2019appoint ou un lit parapluie. Une suite familiale est disponible (deux chambres qui communiquent entre elles) afin de proposer deux vrais espaces distincts pour les parents et les enfants. Sa capacit\u00e9 maximum est de quatre adultes ou enfants et un b\u00e9b\u00e9.<\/p>\n<p style=\"text-align: justify;\">D\u2019une superficie totale de 20 m\u00b2, les chambres sont toutes \u00e9quip\u00e9es d\u2019une salle d\u2019eau avec douche \u00e0 l\u2019italienne et toilettes ind\u00e9pendantes. Elles sont toutes expos\u00e9es Sud-Est.<\/p>\n<p style=\"text-align: justify;\">Pour votre bien-\u00eatre les chambres sont \u00e9quip\u00e9es d\u2019une literie de qualit\u00e9 avec des lits Queen size (160*200) ou King size (180*200). Dans un esprit de modularit\u00e9, certaines chambres sont \u00e9quip\u00e9es de lits s\u00e9par\u00e9s de taille 90*200.<\/p>\n<p style=\"text-align: justify;\">Vous y trouverez une climatisation r\u00e9versible, une t\u00e9l\u00e9vision \u00e9cran plat avec satellite, un acc\u00e8s Wifi gratuit et des volets roulants \u00e9lectriques. Les linges de lit et de toilette fournis sont de qualit\u00e9 sup\u00e9rieure. Les salles d\u2019eau sont \u00e9quip\u00e9es de s\u00e8che-cheveux et s\u00e8che-serviette.<\/p>\n","protected":false},"excerpt":{"rendered":"<p>Les chambres sont r\u00e9alis\u00e9es dans un souci de confort et de praticit\u00e9. R\u00e9centes et spacieuses, avec des tons pastels et une d\u00e9coration \u00e9pur\u00e9e, elles vous permettent de vous d\u00e9tendre pour profiter pleinement de votre s\u00e9jour. Tandis qu\u2019au premier \u00e9tage vous pouvez admirer la vue mer et sur la tour de Pinarello, au rez-de-chauss\u00e9e c\u2019est une &hellip; <a href=\"https:\/\/chambresdhotes-aria-mezzana.fr\/?page_id=29\" class=\"more-link\">Continuer la lecture de <span class=\"screen-reader-text\">CHAMBRES \/ ROOMS<\/span>  <span class=\"meta-nav\">&rarr;<\/span><\/a><\/p>\n","protected":false},"author":1,"featured_media":0,"parent":0,"menu_order":0,"comment_status":"closed","ping_status":"closed","template":"","meta":{"_exactmetrics_skip_tracking":false,"_exactmetrics_sitenote_active":false,"_exactmetrics_sitenote_note":"","_exactmetrics_sitenote_category":0,"footnotes":""},"class_list":["post-29","page","type-page","status-publish","hentry"],"aioseo_notices":[],"_links":{"self":[{"href":"https:\/\/chambresdhotes-aria-mezzana.fr\/index.php?rest_route=\/wp\/v2\/pages\/29","targetHints":{"allow":["GET"]}}],"collection":[{"href":"https:\/\/chambresdhotes-aria-mezzana.fr\/index.php?rest_route=\/wp\/v2\/pages"}],"about":[{"href":"https:\/\/chambresdhotes-aria-mezzana.fr\/index.php?rest_route=\/wp\/v2\/types\/page"}],"author":[{"embeddable":true,"href":"https:\/\/chambresdhotes-aria-mezzana.fr\/index.php?rest_route=\/wp\/v2\/users\/1"}],"replies":[{"embeddable":true,"href":"https:\/\/chambresdhotes-aria-mezzana.fr\/index.php?rest_route=%2Fwp%2Fv2%2Fcomments&post=29"}],"version-history":[{"count":19,"href":"https:\/\/chambresdhotes-aria-mezzana.fr\/index.php?rest_route=\/wp\/v2\/pages\/29\/revisions"}],"predecessor-version":[{"id":687,"href":"https:\/\/chambresdhotes-aria-mezzana.fr\/index.php?rest_route=\/wp\/v2\/pages\/29\/revisions\/687"}],"wp:attachment":[{"href":"https:\/\/chambresdhotes-aria-mezzana.fr\/index.php?rest_route=%2Fwp%2Fv2%2Fmedia&parent=29"}],"curies":[{"name":"wp","href":"https:\/\/api.w.org\/{rel}","templated":true}]}}