{"id":31,"date":"2018-08-26T15:02:43","date_gmt":"2018-08-26T14:02:43","guid":{"rendered":"http:\/\/chambresdhotes-aria-mezzana.fr\/?page_id=31"},"modified":"2018-08-27T10:09:56","modified_gmt":"2018-08-27T09:09:56","slug":"petit-dejeuner","status":"publish","type":"page","link":"https:\/\/chambresdhotes-aria-mezzana.fr\/?page_id=31","title":{"rendered":"PETIT D\u00c9JEUNER \/ Breakfast"},"content":{"rendered":"<p><b>L<\/b>e petit d\u00e9jeuner est propos\u00e9\u00a0avec des produits faits maison comme la \u00a0brioche, les g\u00e2teaux, les yaourts, les diff\u00e9rents pains et confitures.<\/p>\n<figure id=\"attachment_261\" aria-describedby=\"caption-attachment-261\" style=\"width: 480px\" class=\"wp-caption alignnone\"><a href=\"http:\/\/chambresdhotes-aria-mezzana.fr\/wp-content\/uploads\/2014\/10\/2015-07-26-005.jpg\"><img loading=\"lazy\" decoding=\"async\" class=\"wp-image-261 size-full\" title=\"Petit-d\u00e9jeuner terrasse\" src=\"http:\/\/chambresdhotes-aria-mezzana.fr\/wp-content\/uploads\/2014\/10\/2015-07-26-005.jpg\" alt=\"2015-07-26 005\" width=\"480\" height=\"640\" srcset=\"https:\/\/chambresdhotes-aria-mezzana.fr\/wp-content\/uploads\/2014\/10\/2015-07-26-005.jpg 480w, https:\/\/chambresdhotes-aria-mezzana.fr\/wp-content\/uploads\/2014\/10\/2015-07-26-005-225x300.jpg 225w\" sizes=\"auto, (max-width: 480px) 100vw, 480px\" \/><\/a><figcaption id=\"caption-attachment-261\" class=\"wp-caption-text\">Le petit-d\u00e9jeuner servi face \u00e0 la piscine<\/figcaption><\/figure>\n<figure id=\"attachment_382\" aria-describedby=\"caption-attachment-382\" style=\"width: 4000px\" class=\"wp-caption alignnone\"><img loading=\"lazy\" decoding=\"async\" class=\"wp-image-382 size-full\" title=\"Petit-d\u00e9jeuner\" src=\"http:\/\/chambresdhotes-aria-mezzana.fr\/wp-content\/uploads\/2014\/10\/2016-07-31-011.jpg\" alt=\"2016-07-31 011\" width=\"4000\" height=\"3000\" srcset=\"https:\/\/chambresdhotes-aria-mezzana.fr\/wp-content\/uploads\/2014\/10\/2016-07-31-011.jpg 4000w, https:\/\/chambresdhotes-aria-mezzana.fr\/wp-content\/uploads\/2014\/10\/2016-07-31-011-300x225.jpg 300w, https:\/\/chambresdhotes-aria-mezzana.fr\/wp-content\/uploads\/2014\/10\/2016-07-31-011-1024x768.jpg 1024w\" sizes=\"auto, (max-width: 4000px) 100vw, 4000px\" \/><figcaption id=\"caption-attachment-382\" class=\"wp-caption-text\">Le petit-d\u00e9jeuner servi \u00e0 l&rsquo;ombre sous la pergola<\/figcaption><\/figure>\n<figure id=\"attachment_162\" aria-describedby=\"caption-attachment-162\" style=\"width: 3648px\" class=\"wp-caption alignnone\"><a href=\"http:\/\/chambresdhotes-aria-mezzana.fr\/wp-content\/uploads\/2014\/10\/2015-02-01-007.jpg\"><img loading=\"lazy\" decoding=\"async\" class=\"wp-image-162 size-full\" title=\"Petit d\u00e9jeuner pi\u00e8ce de vie\" src=\"http:\/\/chambresdhotes-aria-mezzana.fr\/wp-content\/uploads\/2014\/10\/2015-02-01-007.jpg\" alt=\"2015-02-01 007\" width=\"3648\" height=\"2736\" srcset=\"https:\/\/chambresdhotes-aria-mezzana.fr\/wp-content\/uploads\/2014\/10\/2015-02-01-007.jpg 3648w, https:\/\/chambresdhotes-aria-mezzana.fr\/wp-content\/uploads\/2014\/10\/2015-02-01-007-300x225.jpg 300w, https:\/\/chambresdhotes-aria-mezzana.fr\/wp-content\/uploads\/2014\/10\/2015-02-01-007-1024x768.jpg 1024w\" sizes=\"auto, (max-width: 3648px) 100vw, 3648px\" \/><\/a><figcaption id=\"caption-attachment-162\" class=\"wp-caption-text\">Le petit-d\u00e9jeuner servi l&rsquo;hiver \u00e0 l&rsquo;int\u00e9rieur<\/figcaption><\/figure>\n","protected":false},"excerpt":{"rendered":"<p>Le petit d\u00e9jeuner est propos\u00e9\u00a0avec des produits faits maison comme la \u00a0brioche, les g\u00e2teaux, les yaourts, les diff\u00e9rents pains et confitures.<\/p>\n","protected":false},"author":1,"featured_media":0,"parent":0,"menu_order":0,"comment_status":"closed","ping_status":"closed","template":"","meta":{"_exactmetrics_skip_tracking":false,"_exactmetrics_sitenote_active":false,"_exactmetrics_sitenote_note":"","_exactmetrics_sitenote_category":0,"footnotes":""},"class_list":["post-31","page","type-page","status-publish","hentry"],"aioseo_notices":[],"_links":{"self":[{"href":"https:\/\/chambresdhotes-aria-mezzana.fr\/index.php?rest_route=\/wp\/v2\/pages\/31","targetHints":{"allow":["GET"]}}],"collection":[{"href":"https:\/\/chambresdhotes-aria-mezzana.fr\/index.php?rest_route=\/wp\/v2\/pages"}],"about":[{"href":"https:\/\/chambresdhotes-aria-mezzana.fr\/index.php?rest_route=\/wp\/v2\/types\/page"}],"author":[{"embeddable":true,"href":"https:\/\/chambresdhotes-aria-mezzana.fr\/index.php?rest_route=\/wp\/v2\/users\/1"}],"replies":[{"embeddable":true,"href":"https:\/\/chambresdhotes-aria-mezzana.fr\/index.php?rest_route=%2Fwp%2Fv2%2Fcomments&post=31"}],"version-history":[{"count":19,"href":"https:\/\/chambresdhotes-aria-mezzana.fr\/index.php?rest_route=\/wp\/v2\/pages\/31\/revisions"}],"predecessor-version":[{"id":695,"href":"https:\/\/chambresdhotes-aria-mezzana.fr\/index.php?rest_route=\/wp\/v2\/pages\/31\/revisions\/695"}],"wp:attachment":[{"href":"https:\/\/chambresdhotes-aria-mezzana.fr\/index.php?rest_route=%2Fwp%2Fv2%2Fmedia&parent=31"}],"curies":[{"name":"wp","href":"https:\/\/api.w.org\/{rel}","templated":true}]}}