{"id":58,"date":"2021-11-29T13:30:15","date_gmt":"2021-11-29T12:30:15","guid":{"rendered":"http:\/\/chambresdhotes-aria-mezzana.fr\/?page_id=58"},"modified":"2025-11-03T12:59:24","modified_gmt":"2025-11-03T11:59:24","slug":"tarifs","status":"publish","type":"page","link":"https:\/\/chambresdhotes-aria-mezzana.fr\/?page_id=58","title":{"rendered":"Tarifs 2026 \/ 2026 Rates"},"content":{"rendered":"<p style=\"text-align: left;\"><strong>Basse Saison:<\/strong><br \/>Du 1er Janvier au 31 Mai et du 01er Octobre au 31 D\u00e9cembre<br \/><em>From 1st January to 31th May and from 01st October to 31th December<\/em><\/p>\n<p style=\"text-align: center;\"><strong>90\u20ac la nuit pour une personne<\/strong><br \/><em>90\u20ac per night for oneperson<\/em><\/p>\n<p style=\"text-align: center;\"><strong>99\u20ac la nuit pour deux personnes<\/strong><br \/><em>99\u20ac per night for two people<\/em><\/p>\n<p style=\"text-align: center;\"><strong>+33\u20ac la nuit pour une personne suppl\u00e9mentaire<\/strong><br \/><em>+33\u20ac per night for the thirdperson<\/em><\/p>\n<p style=\"text-align: left;\"><strong>Haute saison :<\/strong><br \/>Du 01er Juin\u00a0 au 17 Juillet et du 24 Ao\u00fbt au 30 Septembre<br \/><em>From 01st June to 17 July and from 24 August to 30th September<\/em><\/p>\n<p style=\"text-align: center;\"><strong>133\u20ac la nuit pour une ou deux personnes<\/strong><br \/><em>133\u20ac per night for one or two people<\/em><\/p>\n<p style=\"text-align: center;\"><strong>+52\u20ac la nuit pour une personne suppl\u00e9mentaire<\/strong><br \/><em>+52\u20ac per night for the thirdperson<\/em><\/p>\n<p style=\"text-align: left;\"><strong>Tr\u00e8s Haute saison :<\/strong><br \/>Du 18 Juillet\u00a0 au 23 Ao\u00fbt<br \/><em>From 18 July\u00a0 to 23 August<\/em><\/p>\n<p style=\"text-align: center;\"><strong>143\u20ac la nuit pour une ou deux personnes<\/strong><br \/><em>143\u20ac per night for one or two people<\/em><\/p>\n<p style=\"text-align: center;\"><strong>+57\u20ac la nuit pour une personne suppl\u00e9mentaire<\/strong><br \/><em>+57\u20ac per night for the thirdperson<\/em><\/p>\n<p>Ces prix comprennent les petits-d\u00e9jeuners, la taxe de s\u00e9jour et l\u2019acc\u00e8s WIFI.<br \/><em>Breakfast, tourist tax and WIFI connection are included in the price.<\/em><\/p>\n\n\n<p class=\"has-text-align-center\"><strong> Deux nuit\u00e9es minimum pour toute r\u00e9servation durant la Haute Saison  et trois nuit\u00e9es durant la Tr\u00e8s Haute saison .<\/strong><\/p>\n","protected":false},"excerpt":{"rendered":"<p>Basse Saison:Du 1er Janvier au 31 Mai et du 01er Octobre au 31 D\u00e9cembreFrom 1st January to 31th May and from 01st October to 31th December 90\u20ac la nuit pour une personne90\u20ac per night for oneperson 99\u20ac la nuit pour deux personnes99\u20ac per night for two people +33\u20ac la nuit pour une personne suppl\u00e9mentaire+33\u20ac per &hellip; <a href=\"https:\/\/chambresdhotes-aria-mezzana.fr\/?page_id=58\" class=\"more-link\">Continuer la lecture de <span class=\"screen-reader-text\">Tarifs 2026 \/ 2026 Rates<\/span>  <span class=\"meta-nav\">&rarr;<\/span><\/a><\/p>\n","protected":false},"author":1,"featured_media":0,"parent":0,"menu_order":0,"comment_status":"closed","ping_status":"closed","template":"","meta":{"_exactmetrics_skip_tracking":false,"_exactmetrics_sitenote_active":false,"_exactmetrics_sitenote_note":"","_exactmetrics_sitenote_category":0,"footnotes":""},"class_list":["post-58","page","type-page","status-publish","hentry"],"aioseo_notices":[],"_links":{"self":[{"href":"https:\/\/chambresdhotes-aria-mezzana.fr\/index.php?rest_route=\/wp\/v2\/pages\/58","targetHints":{"allow":["GET"]}}],"collection":[{"href":"https:\/\/chambresdhotes-aria-mezzana.fr\/index.php?rest_route=\/wp\/v2\/pages"}],"about":[{"href":"https:\/\/chambresdhotes-aria-mezzana.fr\/index.php?rest_route=\/wp\/v2\/types\/page"}],"author":[{"embeddable":true,"href":"https:\/\/chambresdhotes-aria-mezzana.fr\/index.php?rest_route=\/wp\/v2\/users\/1"}],"replies":[{"embeddable":true,"href":"https:\/\/chambresdhotes-aria-mezzana.fr\/index.php?rest_route=%2Fwp%2Fv2%2Fcomments&post=58"}],"version-history":[{"count":40,"href":"https:\/\/chambresdhotes-aria-mezzana.fr\/index.php?rest_route=\/wp\/v2\/pages\/58\/revisions"}],"predecessor-version":[{"id":915,"href":"https:\/\/chambresdhotes-aria-mezzana.fr\/index.php?rest_route=\/wp\/v2\/pages\/58\/revisions\/915"}],"wp:attachment":[{"href":"https:\/\/chambresdhotes-aria-mezzana.fr\/index.php?rest_route=%2Fwp%2Fv2%2Fmedia&parent=58"}],"curies":[{"name":"wp","href":"https:\/\/api.w.org\/{rel}","templated":true}]}}