{"id":60,"date":"2018-08-26T15:09:31","date_gmt":"2018-08-26T14:09:31","guid":{"rendered":"http:\/\/chambresdhotes-aria-mezzana.fr\/?page_id=60"},"modified":"2025-11-04T11:27:33","modified_gmt":"2025-11-04T10:27:33","slug":"plan-dacces-et-transport","status":"publish","type":"page","link":"https:\/\/chambresdhotes-aria-mezzana.fr\/?page_id=60","title":{"rendered":"LOCALISATION\/Localization"},"content":{"rendered":"<p><strong>P<\/strong>our trouver facilement la maison d&rsquo;h\u00f4tes, voici plusieurs moyens :<\/p>\n<ul>\n<li><span style=\"text-decoration: underline;\">Smartphone<\/span> : sur notre vitrine Google, Google Map ou Waze ,\u00a0 \u00a0renseigner \u00ab\u00a0Chambres d&rsquo;h\u00f4tes L&rsquo; Aria Mezzana\u00a0\u00bb<\/li>\n<li><span style=\"text-decoration: underline;\">GPS voiture<\/span>\u00a0:\u00a0 rentrer les coordonn\u00e9es\u00a0 suivantes\u00a0 \u00a0 \u00a0 \u00a0<strong><strong>41\u00b042&rsquo;39.4&Prime;N 9\u00b021&rsquo;38.2&Prime;E<\/strong><\/strong><\/li>\n<li><u>Plan d&rsquo;acc\u00e8s<\/u> : t\u00e9l\u00e9charger ou imprimer \u00e0 partir du lien suivant\u00a0 \u00a0 \u00a0 \u00a0 \u00a0 \u00a0 \u00a0 \u00a0 \u00a0<strong><a href=\"https:\/\/goo.gl\/maps\/xYtWWhczFM22\">L&rsquo; Aria Mezzana<\/a><\/strong><\/li>\n<\/ul>\n","protected":false},"excerpt":{"rendered":"<p>Pour trouver facilement la maison d&rsquo;h\u00f4tes, voici plusieurs moyens : Smartphone : sur notre vitrine Google, Google Map ou Waze ,\u00a0 \u00a0renseigner \u00ab\u00a0Chambres d&rsquo;h\u00f4tes L&rsquo; Aria Mezzana\u00a0\u00bb GPS voiture\u00a0:\u00a0 rentrer les coordonn\u00e9es\u00a0 suivantes\u00a0 \u00a0 \u00a0 \u00a041\u00b042&rsquo;39.4&Prime;N 9\u00b021&rsquo;38.2&Prime;E Plan d&rsquo;acc\u00e8s : t\u00e9l\u00e9charger ou imprimer \u00e0 partir du lien suivant\u00a0 \u00a0 \u00a0 \u00a0 \u00a0 \u00a0 \u00a0 \u00a0 &hellip; <a href=\"https:\/\/chambresdhotes-aria-mezzana.fr\/?page_id=60\" class=\"more-link\">Continuer la lecture de <span class=\"screen-reader-text\">LOCALISATION\/Localization<\/span>  <span class=\"meta-nav\">&rarr;<\/span><\/a><\/p>\n","protected":false},"author":1,"featured_media":0,"parent":0,"menu_order":0,"comment_status":"closed","ping_status":"closed","template":"","meta":{"_exactmetrics_skip_tracking":false,"_exactmetrics_sitenote_active":false,"_exactmetrics_sitenote_note":"","_exactmetrics_sitenote_category":0,"footnotes":""},"class_list":["post-60","page","type-page","status-publish","hentry"],"aioseo_notices":[],"_links":{"self":[{"href":"https:\/\/chambresdhotes-aria-mezzana.fr\/index.php?rest_route=\/wp\/v2\/pages\/60","targetHints":{"allow":["GET"]}}],"collection":[{"href":"https:\/\/chambresdhotes-aria-mezzana.fr\/index.php?rest_route=\/wp\/v2\/pages"}],"about":[{"href":"https:\/\/chambresdhotes-aria-mezzana.fr\/index.php?rest_route=\/wp\/v2\/types\/page"}],"author":[{"embeddable":true,"href":"https:\/\/chambresdhotes-aria-mezzana.fr\/index.php?rest_route=\/wp\/v2\/users\/1"}],"replies":[{"embeddable":true,"href":"https:\/\/chambresdhotes-aria-mezzana.fr\/index.php?rest_route=%2Fwp%2Fv2%2Fcomments&post=60"}],"version-history":[{"count":50,"href":"https:\/\/chambresdhotes-aria-mezzana.fr\/index.php?rest_route=\/wp\/v2\/pages\/60\/revisions"}],"predecessor-version":[{"id":928,"href":"https:\/\/chambresdhotes-aria-mezzana.fr\/index.php?rest_route=\/wp\/v2\/pages\/60\/revisions\/928"}],"wp:attachment":[{"href":"https:\/\/chambresdhotes-aria-mezzana.fr\/index.php?rest_route=%2Fwp%2Fv2%2Fmedia&parent=60"}],"curies":[{"name":"wp","href":"https:\/\/api.w.org\/{rel}","templated":true}]}}