{"id":8,"date":"2018-08-26T14:00:17","date_gmt":"2018-08-26T13:00:17","guid":{"rendered":"http:\/\/chambresdhotes-aria-mezzana.fr\/?page_id=8"},"modified":"2018-08-27T10:04:43","modified_gmt":"2018-08-27T09:04:43","slug":"napoleon","status":"publish","type":"page","link":"https:\/\/chambresdhotes-aria-mezzana.fr\/?page_id=8","title":{"rendered":"Bonaparte"},"content":{"rendered":"<figure id=\"attachment_375\" aria-describedby=\"caption-attachment-375\" style=\"width: 3970px\" class=\"wp-caption alignnone\"><img loading=\"lazy\" decoding=\"async\" class=\"wp-image-375 size-full\" title=\"Chambre Bonaparte\" src=\"http:\/\/chambresdhotes-aria-mezzana.fr\/wp-content\/uploads\/2014\/10\/P1000344-e1515771094361.jpg\" alt=\"P1000344\" width=\"3970\" height=\"2320\" srcset=\"https:\/\/chambresdhotes-aria-mezzana.fr\/wp-content\/uploads\/2014\/10\/P1000344-e1515771094361.jpg 3970w, https:\/\/chambresdhotes-aria-mezzana.fr\/wp-content\/uploads\/2014\/10\/P1000344-e1515771094361-300x175.jpg 300w, https:\/\/chambresdhotes-aria-mezzana.fr\/wp-content\/uploads\/2014\/10\/P1000344-e1515771094361-1024x598.jpg 1024w, https:\/\/chambresdhotes-aria-mezzana.fr\/wp-content\/uploads\/2014\/10\/P1000344-e1515771094361-768x449.jpg 768w\" sizes=\"auto, (max-width: 3970px) 100vw, 3970px\" \/><figcaption id=\"caption-attachment-375\" class=\"wp-caption-text\">Chambre Bonaparte<\/figcaption><\/figure>\n<p style=\"text-align: justify;\"><strong>S<\/strong>ur le th\u00e8me de Napol\u00e9on cette chambre de 20 m\u00b2 vous propose un lit de 160 x 200, avec une t\u00e9l\u00e9vision \u00e9cran plat,\u00a0un acc\u00e8s internet,\u00a0une climatisation, une salle d&rsquo;eau et des toilettes s\u00e9par\u00e9es.<\/p>\n<figure id=\"attachment_374\" aria-describedby=\"caption-attachment-374\" style=\"width: 4000px\" class=\"wp-caption alignnone\"><img loading=\"lazy\" decoding=\"async\" class=\"wp-image-374 size-full\" title=\"Chambre Bonaparte\" src=\"http:\/\/chambresdhotes-aria-mezzana.fr\/wp-content\/uploads\/2014\/10\/P1000343.jpg\" alt=\"P1000343\" width=\"4000\" height=\"3000\" srcset=\"https:\/\/chambresdhotes-aria-mezzana.fr\/wp-content\/uploads\/2014\/10\/P1000343.jpg 4000w, https:\/\/chambresdhotes-aria-mezzana.fr\/wp-content\/uploads\/2014\/10\/P1000343-300x225.jpg 300w, https:\/\/chambresdhotes-aria-mezzana.fr\/wp-content\/uploads\/2014\/10\/P1000343-1024x768.jpg 1024w\" sizes=\"auto, (max-width: 4000px) 100vw, 4000px\" \/><figcaption id=\"caption-attachment-374\" class=\"wp-caption-text\">Chambre Bonaparte<\/figcaption><\/figure>\n<p style=\"text-align: justify;\">Elle est expos\u00e9e plein sud avec\u00a0acc\u00e8s direct \u00e0 la terrasse et \u00e0 la piscine.<\/p>\n<figure id=\"attachment_376\" aria-describedby=\"caption-attachment-376\" style=\"width: 4000px\" class=\"wp-caption alignnone\"><a href=\"http:\/\/chambresdhotes-aria-mezzana.fr\/wp-content\/uploads\/2014\/10\/P1000347.jpg\"><img loading=\"lazy\" decoding=\"async\" class=\"wp-image-376 size-full\" title=\"Chambre Bonaparte\" src=\"http:\/\/chambresdhotes-aria-mezzana.fr\/wp-content\/uploads\/2014\/10\/P1000347.jpg\" alt=\"P1000347\" width=\"4000\" height=\"3000\" srcset=\"https:\/\/chambresdhotes-aria-mezzana.fr\/wp-content\/uploads\/2014\/10\/P1000347.jpg 4000w, https:\/\/chambresdhotes-aria-mezzana.fr\/wp-content\/uploads\/2014\/10\/P1000347-300x225.jpg 300w, https:\/\/chambresdhotes-aria-mezzana.fr\/wp-content\/uploads\/2014\/10\/P1000347-1024x768.jpg 1024w\" sizes=\"auto, (max-width: 4000px) 100vw, 4000px\" \/><\/a><figcaption id=\"caption-attachment-376\" class=\"wp-caption-text\">Chambre Bonaparte<\/figcaption><\/figure>\n<figure id=\"attachment_377\" aria-describedby=\"caption-attachment-377\" style=\"width: 4000px\" class=\"wp-caption alignnone\"><img loading=\"lazy\" decoding=\"async\" class=\"wp-image-377 size-full\" title=\"Salle d'eau Bonaparte\" src=\"http:\/\/chambresdhotes-aria-mezzana.fr\/wp-content\/uploads\/2014\/10\/P1000351.jpg\" alt=\"P1000351\" width=\"4000\" height=\"3000\" srcset=\"https:\/\/chambresdhotes-aria-mezzana.fr\/wp-content\/uploads\/2014\/10\/P1000351.jpg 4000w, https:\/\/chambresdhotes-aria-mezzana.fr\/wp-content\/uploads\/2014\/10\/P1000351-300x225.jpg 300w, https:\/\/chambresdhotes-aria-mezzana.fr\/wp-content\/uploads\/2014\/10\/P1000351-1024x768.jpg 1024w\" sizes=\"auto, (max-width: 4000px) 100vw, 4000px\" \/><figcaption id=\"caption-attachment-377\" class=\"wp-caption-text\">Salle d&rsquo;eau Bonaparte<\/figcaption><\/figure>\n","protected":false},"excerpt":{"rendered":"<p>Sur le th\u00e8me de Napol\u00e9on cette chambre de 20 m\u00b2 vous propose un lit de 160 x 200, avec une t\u00e9l\u00e9vision \u00e9cran plat,\u00a0un acc\u00e8s internet,\u00a0une climatisation, une salle d&rsquo;eau et des toilettes s\u00e9par\u00e9es. Elle est expos\u00e9e plein sud avec\u00a0acc\u00e8s direct \u00e0 la terrasse et \u00e0 la piscine.<\/p>\n","protected":false},"author":1,"featured_media":0,"parent":0,"menu_order":0,"comment_status":"closed","ping_status":"closed","template":"","meta":{"_exactmetrics_skip_tracking":false,"_exactmetrics_sitenote_active":false,"_exactmetrics_sitenote_note":"","_exactmetrics_sitenote_category":0,"footnotes":""},"class_list":["post-8","page","type-page","status-publish","hentry"],"aioseo_notices":[],"_links":{"self":[{"href":"https:\/\/chambresdhotes-aria-mezzana.fr\/index.php?rest_route=\/wp\/v2\/pages\/8","targetHints":{"allow":["GET"]}}],"collection":[{"href":"https:\/\/chambresdhotes-aria-mezzana.fr\/index.php?rest_route=\/wp\/v2\/pages"}],"about":[{"href":"https:\/\/chambresdhotes-aria-mezzana.fr\/index.php?rest_route=\/wp\/v2\/types\/page"}],"author":[{"embeddable":true,"href":"https:\/\/chambresdhotes-aria-mezzana.fr\/index.php?rest_route=\/wp\/v2\/users\/1"}],"replies":[{"embeddable":true,"href":"https:\/\/chambresdhotes-aria-mezzana.fr\/index.php?rest_route=%2Fwp%2Fv2%2Fcomments&post=8"}],"version-history":[{"count":14,"href":"https:\/\/chambresdhotes-aria-mezzana.fr\/index.php?rest_route=\/wp\/v2\/pages\/8\/revisions"}],"predecessor-version":[{"id":604,"href":"https:\/\/chambresdhotes-aria-mezzana.fr\/index.php?rest_route=\/wp\/v2\/pages\/8\/revisions\/604"}],"wp:attachment":[{"href":"https:\/\/chambresdhotes-aria-mezzana.fr\/index.php?rest_route=%2Fwp%2Fv2%2Fmedia&parent=8"}],"curies":[{"name":"wp","href":"https:\/\/api.w.org\/{rel}","templated":true}]}}